{"id":7,"date":"2025-08-15T14:25:59","date_gmt":"2025-08-15T14:25:59","guid":{"rendered":"http:\/\/gite-doussard-fou-d-lac.fr\/?page_id=7"},"modified":"2025-08-19T11:07:47","modified_gmt":"2025-08-19T11:07:47","slug":"welcome","status":"publish","type":"page","link":"https:\/\/gite-doussard-fou-d-lac.fr\/","title":{"rendered":""},"content":{"rendered":"\t\t<div data-elementor-type=\"wp-page\" data-elementor-id=\"7\" class=\"elementor elementor-7\">\n\t\t\t\t<div class=\"elementor-element elementor-element-fd35b43 e-con-full e-flex e-con e-parent\" data-id=\"fd35b43\" data-element_type=\"container\">\n\t\t\t\t<div class=\"elementor-element elementor-element-b1a67e5 elementor-widget__width-auto elementor-widget elementor-widget-image\" data-id=\"b1a67e5\" data-element_type=\"widget\" data-widget_type=\"image.default\">\n\t\t\t\t\t\t\t\t\t\t\t\t\t\t\t<img fetchpriority=\"high\" decoding=\"async\" width=\"1024\" height=\"768\" src=\"https:\/\/gite-doussard-fou-d-lac.fr\/wp-content\/uploads\/2025\/08\/00-Vue-gite-doussard-1024x768.jpg\" class=\"attachment-large size-large wp-image-10\" alt=\"\" srcset=\"https:\/\/gite-doussard-fou-d-lac.fr\/wp-content\/uploads\/2025\/08\/00-Vue-gite-doussard-1024x768.jpg 1024w, https:\/\/gite-doussard-fou-d-lac.fr\/wp-content\/uploads\/2025\/08\/00-Vue-gite-doussard-300x225.jpg 300w, https:\/\/gite-doussard-fou-d-lac.fr\/wp-content\/uploads\/2025\/08\/00-Vue-gite-doussard-768x576.jpg 768w, https:\/\/gite-doussard-fou-d-lac.fr\/wp-content\/uploads\/2025\/08\/00-Vue-gite-doussard-1536x1152.jpg 1536w, https:\/\/gite-doussard-fou-d-lac.fr\/wp-content\/uploads\/2025\/08\/00-Vue-gite-doussard-2048x1536.jpg 2048w\" sizes=\"(max-width: 1024px) 100vw, 1024px\" \/>\t\t\t\t\t\t\t\t\t\t\t\t\t\t\t<\/div>\n\t\t<div class=\"elementor-element elementor-element-f7e6b44 e-flex e-con-boxed e-con e-child\" data-id=\"f7e6b44\" data-element_type=\"container\">\n\t\t\t\t\t<div class=\"e-con-inner\">\n\t\t\t\t<div class=\"elementor-element elementor-element-7e89d68 elementor-widget elementor-widget-heading\" data-id=\"7e89d68\" data-element_type=\"widget\" data-widget_type=\"heading.default\">\n\t\t\t\t\t<h2 class=\"elementor-heading-title elementor-size-default\">Id\u00e9al pour une famille, un groupe de parapentistes ou juste entre amis<\/h2>\t\t\t\t<\/div>\n\t\t\t\t\t<\/div>\n\t\t\t\t<\/div>\n\t\t<div class=\"elementor-element elementor-element-fb7eb00 e-grid e-con-full e-con e-child\" data-id=\"fb7eb00\" data-element_type=\"container\">\n\t\t\t\t<div class=\"elementor-element elementor-element-d5d4817 elementor-widget elementor-widget-image\" data-id=\"d5d4817\" data-element_type=\"widget\" data-widget_type=\"image.default\">\n\t\t\t\t\t\t\t\t\t\t\t\t\t\t\t<img decoding=\"async\" width=\"1024\" height=\"768\" src=\"https:\/\/gite-doussard-fou-d-lac.fr\/wp-content\/uploads\/2025\/08\/Salon-Gite-doussard-1024x768.jpg\" class=\"attachment-large size-large wp-image-15\" alt=\"Salon Gite Doussard\" srcset=\"https:\/\/gite-doussard-fou-d-lac.fr\/wp-content\/uploads\/2025\/08\/Salon-Gite-doussard-1024x768.jpg 1024w, https:\/\/gite-doussard-fou-d-lac.fr\/wp-content\/uploads\/2025\/08\/Salon-Gite-doussard-300x225.jpg 300w, https:\/\/gite-doussard-fou-d-lac.fr\/wp-content\/uploads\/2025\/08\/Salon-Gite-doussard-768x576.jpg 768w, https:\/\/gite-doussard-fou-d-lac.fr\/wp-content\/uploads\/2025\/08\/Salon-Gite-doussard-1536x1152.jpg 1536w, https:\/\/gite-doussard-fou-d-lac.fr\/wp-content\/uploads\/2025\/08\/Salon-Gite-doussard-2048x1536.jpg 2048w\" sizes=\"(max-width: 1024px) 100vw, 1024px\" \/>\t\t\t\t\t\t\t\t\t\t\t\t\t\t\t<\/div>\n\t\t\t\t<div class=\"elementor-element elementor-element-324ee7f elementor-widget elementor-widget-text-editor\" data-id=\"324ee7f\" data-element_type=\"widget\" data-widget_type=\"text-editor.default\">\n\t\t\t\t\t\t\t\t\t<ul><li>Au centre de Doussard<\/li><li>Supermarch\u00e9 \u00e0 50m<\/li><li>Boulangerie \u00e0 30m<\/li><li>Parking priv\u00e9<\/li><li>Jardin privatif<\/li><li>BBQ<\/li><\/ul>\t\t\t\t\t\t\t\t<\/div>\n\t\t\t\t<div class=\"elementor-element elementor-element-d695147 elementor-widget elementor-widget-image\" data-id=\"d695147\" data-element_type=\"widget\" data-widget_type=\"image.default\">\n\t\t\t\t\t\t\t\t\t\t\t\t\t\t\t<img decoding=\"async\" width=\"1024\" height=\"768\" src=\"https:\/\/gite-doussard-fou-d-lac.fr\/wp-content\/uploads\/2025\/08\/Cuisine-gite-doussard-1024x768.jpg\" class=\"attachment-large size-large wp-image-47\" alt=\"\" srcset=\"https:\/\/gite-doussard-fou-d-lac.fr\/wp-content\/uploads\/2025\/08\/Cuisine-gite-doussard-1024x768.jpg 1024w, https:\/\/gite-doussard-fou-d-lac.fr\/wp-content\/uploads\/2025\/08\/Cuisine-gite-doussard-300x225.jpg 300w, https:\/\/gite-doussard-fou-d-lac.fr\/wp-content\/uploads\/2025\/08\/Cuisine-gite-doussard-768x576.jpg 768w\" sizes=\"(max-width: 1024px) 100vw, 1024px\" \/>\t\t\t\t\t\t\t\t\t\t\t\t\t\t\t<\/div>\n\t\t\t\t<div class=\"elementor-element elementor-element-7bcad1b elementor-widget elementor-widget-text-editor\" data-id=\"7bcad1b\" data-element_type=\"widget\" data-widget_type=\"text-editor.default\">\n\t\t\t\t\t\t\t\t\t<ul><li>Vue directe sur les sites de parapente et d\u00e9collages de Montmin, Planfait, Entrevernes, Charbon, Roc des Boeufs<\/li><li>A 10 minutes du site de Marlens<\/li><li>Lac \u00e0 15 minutes \u00e0 pied<\/li><\/ul>\t\t\t\t\t\t\t\t<\/div>\n\t\t\t\t<div class=\"elementor-element elementor-element-a028fc2 elementor-widget elementor-widget-image\" data-id=\"a028fc2\" data-element_type=\"widget\" data-widget_type=\"image.default\">\n\t\t\t\t\t\t\t\t\t\t\t\t\t\t\t<img loading=\"lazy\" decoding=\"async\" width=\"1024\" height=\"768\" src=\"https:\/\/gite-doussard-fou-d-lac.fr\/wp-content\/uploads\/2025\/08\/Chanbre-gite-doussard-1024x768.jpg\" class=\"attachment-large size-large wp-image-45\" alt=\"\" srcset=\"https:\/\/gite-doussard-fou-d-lac.fr\/wp-content\/uploads\/2025\/08\/Chanbre-gite-doussard-1024x768.jpg 1024w, https:\/\/gite-doussard-fou-d-lac.fr\/wp-content\/uploads\/2025\/08\/Chanbre-gite-doussard-300x225.jpg 300w, https:\/\/gite-doussard-fou-d-lac.fr\/wp-content\/uploads\/2025\/08\/Chanbre-gite-doussard-768x576.jpg 768w\" sizes=\"(max-width: 1024px) 100vw, 1024px\" \/>\t\t\t\t\t\t\t\t\t\t\t\t\t\t\t<\/div>\n\t\t\t\t<div class=\"elementor-element elementor-element-a8d3cde elementor-widget elementor-widget-text-editor\" data-id=\"a8d3cde\" data-element_type=\"widget\" data-widget_type=\"text-editor.default\">\n\t\t\t\t\t\t\t\t\t<ul>\n<li>Location \u00e0 partir de 3 pers<\/li>\n<li>Capacit\u00e9 max de 8 pers<\/li>\n<li>&nbsp;Internet (Fibre, Wifi)<\/li>\n<li>Terrasse<\/li>\n<li>Lit b\u00e9b\u00e9<\/li>\n<li>et plus<\/li>\n<\/ul>\t\t\t\t\t\t\t\t<\/div>\n\t\t\t\t<div class=\"elementor-element elementor-element-d51260e elementor-widget elementor-widget-image\" data-id=\"d51260e\" data-element_type=\"widget\" data-widget_type=\"image.default\">\n\t\t\t\t\t\t\t\t\t\t\t\t\t\t\t<img loading=\"lazy\" decoding=\"async\" width=\"1024\" height=\"768\" src=\"https:\/\/gite-doussard-fou-d-lac.fr\/wp-content\/uploads\/2025\/08\/Chambre-2-gite-doussard-1024x768.jpg\" class=\"attachment-large size-large wp-image-43\" alt=\"\" srcset=\"https:\/\/gite-doussard-fou-d-lac.fr\/wp-content\/uploads\/2025\/08\/Chambre-2-gite-doussard-1024x768.jpg 1024w, https:\/\/gite-doussard-fou-d-lac.fr\/wp-content\/uploads\/2025\/08\/Chambre-2-gite-doussard-300x225.jpg 300w, https:\/\/gite-doussard-fou-d-lac.fr\/wp-content\/uploads\/2025\/08\/Chambre-2-gite-doussard-768x576.jpg 768w\" sizes=\"(max-width: 1024px) 100vw, 1024px\" \/>\t\t\t\t\t\t\t\t\t\t\t\t\t\t\t<\/div>\n\t\t\t\t<div class=\"elementor-element elementor-element-249995a elementor-widget elementor-widget-text-editor\" data-id=\"249995a\" data-element_type=\"widget\" data-widget_type=\"text-editor.default\">\n\t\t\t\t\t\t\t\t\t<ul>\n<li>3 chambres&nbsp;<\/li>\n<li>1 salle de bain<\/li>\n<li>1 salle de douche<\/li>\n<li>3 WC<\/li>\n<li>Cuisine enti\u00e8rement \u00e9quip\u00e9e<\/li>\n<\/ul>\t\t\t\t\t\t\t\t<\/div>\n\t\t\t\t<\/div>\n\t\t\t\t<\/div>\n\t\t<div class=\"elementor-element elementor-element-e8cef75 e-flex e-con-boxed e-con e-parent\" data-id=\"e8cef75\" data-element_type=\"container\">\n\t\t\t\t\t<div class=\"e-con-inner\">\n\t\t\t\t<div class=\"elementor-element elementor-element-3688e0e elementor-widget elementor-widget-heading\" data-id=\"3688e0e\" data-element_type=\"widget\" data-widget_type=\"heading.default\">\n\t\t\t\t\t<h2 class=\"elementor-heading-title elementor-size-default\">Profitez des conseils du propri\u00e9taire, moniteur de parapente<\/h2>\t\t\t\t<\/div>\n\t\t<div class=\"elementor-element elementor-element-bca45e3 e-con-full e-flex e-con e-child\" data-id=\"bca45e3\" data-element_type=\"container\">\n\t\t\t\t<div class=\"elementor-element elementor-element-65d2c09 elementor-widget elementor-widget-text-editor\" data-id=\"65d2c09\" data-element_type=\"widget\" data-widget_type=\"text-editor.default\">\n\t\t\t\t\t\t\t\t\t<blockquote><div><div><p>Le gite est am\u00e9nag\u00e9 pour les parapentistes, avec une vue exceptionelle directement sur les d\u00e9collages autour du lac mais aussi toutes les cartes pour pr\u00e9parer les vols et un grand \u00e9cran pour d\u00e9briefer vos meilleures videos. Les commerces sont accessibles \u00e0 pied. Le bus Y51 vous conduira depuis la gare d\u2019Annecy jusqu&#8217;\u00e0 Doussard.<\/p><\/div><\/div><\/blockquote>\t\t\t\t\t\t\t\t<\/div>\n\t\t\t\t<\/div>\n\t\t<div class=\"elementor-element elementor-element-62719c3 e-con-full e-flex e-con e-child\" data-id=\"62719c3\" data-element_type=\"container\">\n\t\t\t\t<div class=\"elementor-element elementor-element-b78a620 elementor-widget elementor-widget-text-editor\" data-id=\"b78a620\" data-element_type=\"widget\" data-widget_type=\"text-editor.default\">\n\t\t\t\t\t\t\t\t\t<blockquote style=\"font-family: Helvetica; font-size: 12px; font-style: normal; font-weight: 400;\"><div style=\"overflow-wrap: break-word; -webkit-nbsp-mode: space; line-break: after-white-space;\"><div class=\"b99b6ef58f b05437f6d2\" style=\"font-size: 14px; line-height: var(--bui_font_body_2_line-height); font-family: BlinkMacSystemFont, -apple-system, 'Segoe UI', Roboto, Helvetica, Arial, sans-serif; margin-bottom: var(--bui_spacing_3x); caret-color: #1a1a1a; color: #1a1a1a;\"><div class=\"_tp3sbt\" style=\"caret-color: #222222; color: #222222; font-family: 'Airbnb Cereal VF', Circular, -apple-system, BlinkMacSystemFont, Roboto, 'Helvetica Neue', sans-serif; font-size: 1rem !important; line-height: 1.5rem !important; word-break: break-word !important; margin-bottom: 24px !important;\"><section><span class=\"l1h825yc atm_kd_19r6f69_24z95b dir dir-ltr\"><span class=\"l1h825yc atm_kd_19r6f69_24z95b dir dir-ltr\">Cuisine compl\u00e8te \u00e9quip\u00e9e pour nourrir un groupe, four, plaque vitroc\u00e9ramique, frigo avec cong\u00e9lateur, bouilloire, cafeti\u00e8re a filtre, machine a raclette et fondue, BBQ et lave-linge<\/span><\/span><p>Volets et moustiquaire a toutes les fen\u00eatres<\/p><p>Le logement est non fumeur pour le respect de tous.<\/p><\/section><\/div><div class=\"_tp3sbt\" style=\"caret-color: #222222; color: #222222; font-family: 'Airbnb Cereal VF', Circular, -apple-system, BlinkMacSystemFont, Roboto, 'Helvetica Neue', sans-serif; font-size: 1rem !important; line-height: 1.5rem !important; word-break: break-word !important; margin-bottom: 24px !important;\"><section><p><span class=\"l1h825yc atm_kd_19r6f69_24z95b dir dir-ltr\">Acc\u00e8s par un digicode \u00e9lectronique a code unique par r\u00e9servation<\/span><\/p><p>Parking gratuit et reserv\u00e9\u00a0<br \/>Attention, le lundi matin le march\u00e9 dans la rue vous emp\u00eache de quitter le parking.<\/p><\/section><\/div><div class=\"_tp3sbt\" style=\"caret-color: #222222; color: #222222; font-family: 'Airbnb Cereal VF', Circular, -apple-system, BlinkMacSystemFont, Roboto, 'Helvetica Neue', sans-serif; font-size: 1rem !important; line-height: 1.5rem !important; word-break: break-word !important; margin-bottom: 24px !important;\"><section><p><span class=\"l1h825yc atm_kd_19r6f69_24z95b dir dir-ltr\">Le logement est dans une petite copropri\u00e9t\u00e9 calme, il est donc n\u00e9cessaire de respecter un bon voisinage.<\/span><\/p><\/section><\/div><\/div><\/div><\/blockquote>\t\t\t\t\t\t\t\t<\/div>\n\t\t\t\t<\/div>\n\t\t<div class=\"elementor-element elementor-element-ea791ca e-grid e-con-full e-con e-child\" data-id=\"ea791ca\" data-element_type=\"container\">\n\t\t\t\t<div class=\"elementor-element elementor-element-73e117d elementor-widget__width-initial elementor-widget elementor-widget-text-editor\" data-id=\"73e117d\" data-element_type=\"widget\" data-widget_type=\"text-editor.default\">\n\t\t\t\t\t\t\t\t\t<h2>Tarifs<\/h2>\n<ul>\n<li>2 ou 3 personnes : 110 Euros \/ Jour<\/li>\n<li>4 ou 5 personnes : 150 Euros \/ Jour<\/li>\n<li>6 \u00e0 8 personnes : 175 Euros \/ Jour<\/li>\n<li>+ M\u00e9nage en fin de s\u00e9jour&nbsp;<\/li>\n<li>Draps sur demande<\/li>\n<\/ul>\t\t\t\t\t\t\t\t<\/div>\n\t\t\t\t<div class=\"elementor-element elementor-element-bd0b521 elementor-widget__width-initial elementor-widget elementor-widget-text-editor\" data-id=\"bd0b521\" data-element_type=\"widget\" data-widget_type=\"text-editor.default\">\n\t\t\t\t\t\t\t\t\t<h2>Contacts pour r\u00e9server<\/h2><p>Jean-Yves Squifflet<\/p><p>info@gite-doussard-fou-d-lac.fr<\/p><p>+33 7 82 61 29 14<\/p><p>+32 474\/55 59 61<\/p><p>Langues parl\u00e9es: Francais, Anglais, N\u00e9erlandais\u00a0<\/p>\t\t\t\t\t\t\t\t<\/div>\n\t\t\t\t<\/div>\n\t\t\t\t\t<\/div>\n\t\t\t\t<\/div>\n\t\t\t\t<\/div>\n\t\t","protected":false},"excerpt":{"rendered":"<p>Id\u00e9al pour une famille, un groupe de parapentistes ou juste entre amis Au centre de Doussard Supermarch\u00e9 \u00e0 50m Boulangerie [&hellip;]<\/p>\n","protected":false},"author":1,"featured_media":10,"parent":0,"menu_order":0,"comment_status":"closed","ping_status":"closed","template":"","meta":{"site-sidebar-layout":"no-sidebar","site-content-layout":"","ast-site-content-layout":"full-width-container","site-content-style":"default","site-sidebar-style":"default","ast-global-header-display":"","ast-banner-title-visibility":"","ast-main-header-display":"","ast-hfb-above-header-display":"","ast-hfb-below-header-display":"","ast-hfb-mobile-header-display":"","site-post-title":"","ast-breadcrumbs-content":"","ast-featured-img":"disabled","footer-sml-layout":"","theme-transparent-header-meta":"","adv-header-id-meta":"","stick-header-meta":"","header-above-stick-meta":"","header-main-stick-meta":"","header-below-stick-meta":"","astra-migrate-meta-layouts":"default","ast-page-background-enabled":"default","ast-page-background-meta":{"desktop":{"background-color":"var(--ast-global-color-5)","background-image":"","background-repeat":"repeat","background-position":"center center","background-size":"auto","background-attachment":"scroll","background-type":"","background-media":"","overlay-type":"","overlay-color":"","overlay-opacity":"","overlay-gradient":""},"tablet":{"background-color":"","background-image":"","background-repeat":"repeat","background-position":"center center","background-size":"auto","background-attachment":"scroll","background-type":"","background-media":"","overlay-type":"","overlay-color":"","overlay-opacity":"","overlay-gradient":""},"mobile":{"background-color":"","background-image":"","background-repeat":"repeat","background-position":"center center","background-size":"auto","background-attachment":"scroll","background-type":"","background-media":"","overlay-type":"","overlay-color":"","overlay-opacity":"","overlay-gradient":""}},"ast-content-background-meta":{"desktop":{"background-color":"var(--ast-global-color-4)","background-image":"","background-repeat":"repeat","background-position":"center center","background-size":"auto","background-attachment":"scroll","background-type":"","background-media":"","overlay-type":"","overlay-color":"","overlay-opacity":"","overlay-gradient":""},"tablet":{"background-color":"var(--ast-global-color-4)","background-image":"","background-repeat":"repeat","background-position":"center center","background-size":"auto","background-attachment":"scroll","background-type":"","background-media":"","overlay-type":"","overlay-color":"","overlay-opacity":"","overlay-gradient":""},"mobile":{"background-color":"var(--ast-global-color-4)","background-image":"","background-repeat":"repeat","background-position":"center center","background-size":"auto","background-attachment":"scroll","background-type":"","background-media":"","overlay-type":"","overlay-color":"","overlay-opacity":"","overlay-gradient":""}},"footnotes":""},"class_list":["post-7","page","type-page","status-publish","has-post-thumbnail","hentry"],"_links":{"self":[{"href":"https:\/\/gite-doussard-fou-d-lac.fr\/index.php\/wp-json\/wp\/v2\/pages\/7","targetHints":{"allow":["GET"]}}],"collection":[{"href":"https:\/\/gite-doussard-fou-d-lac.fr\/index.php\/wp-json\/wp\/v2\/pages"}],"about":[{"href":"https:\/\/gite-doussard-fou-d-lac.fr\/index.php\/wp-json\/wp\/v2\/types\/page"}],"author":[{"embeddable":true,"href":"https:\/\/gite-doussard-fou-d-lac.fr\/index.php\/wp-json\/wp\/v2\/users\/1"}],"replies":[{"embeddable":true,"href":"https:\/\/gite-doussard-fou-d-lac.fr\/index.php\/wp-json\/wp\/v2\/comments?post=7"}],"version-history":[{"count":236,"href":"https:\/\/gite-doussard-fou-d-lac.fr\/index.php\/wp-json\/wp\/v2\/pages\/7\/revisions"}],"predecessor-version":[{"id":282,"href":"https:\/\/gite-doussard-fou-d-lac.fr\/index.php\/wp-json\/wp\/v2\/pages\/7\/revisions\/282"}],"wp:featuredmedia":[{"embeddable":true,"href":"https:\/\/gite-doussard-fou-d-lac.fr\/index.php\/wp-json\/wp\/v2\/media\/10"}],"wp:attachment":[{"href":"https:\/\/gite-doussard-fou-d-lac.fr\/index.php\/wp-json\/wp\/v2\/media?parent=7"}],"curies":[{"name":"wp","href":"https:\/\/api.w.org\/{rel}","templated":true}]}}